{"id":5,"date":"2018-11-02T15:24:31","date_gmt":"2018-11-02T15:24:31","guid":{"rendered":"http:\/\/www.husanes.is\/?page_id=5"},"modified":"2022-06-12T18:32:30","modified_gmt":"2022-06-12T18:32:30","slug":"5-2","status":"publish","type":"page","link":"http:\/\/www.husanes.is\/","title":{"rendered":"Home"},"content":{"rendered":"<p>[et_pb_section fb_built=&#8221;1&#8243; admin_label=&#8221;Header Section&#8221; _builder_version=&#8221;3.22&#8243; background_size=&#8221;contain&#8221; background_position=&#8221;top_center&#8221; custom_padding=&#8221;0||0||false|false&#8221; fb_built=&#8221;1&#8243; _i=&#8221;0&#8243; _address=&#8221;0&#8243;][et_pb_row admin_label=&#8221;Header Row&#8221; _builder_version=&#8221;3.25&#8243; custom_margin=&#8221;|||&#8221; custom_padding=&#8221;0|0px|50px|0px|false|false&#8221; box_shadow_style=&#8221;preset4&#8243; box_shadow_horizontal=&#8221;900px&#8221; box_shadow_vertical=&#8221;-500px&#8221; box_shadow_spread=&#8221;80px&#8221; box_shadow_color=&#8221;#1a1a1a&#8221; _i=&#8221;0&#8243; _address=&#8221;0.0&#8243; column_structure=&#8221;1_2,1_2&#8243;][et_pb_column type=&#8221;1_2&#8243; _builder_version=&#8221;3.25&#8243; custom_padding=&#8221;|||&#8221; _i=&#8221;0&#8243; _address=&#8221;0.0.0&#8243; custom_padding__hover=&#8221;|||&#8221;][et_pb_cta title=&#8221;Mannvirkjager\u00f0 er okkar fag&#8221; button_url=&#8221;#top&#8221; button_text=&#8221;Sj\u00e1 meira&#8221; admin_label=&#8221;Heading, Subheading &#038; CTA Button&#8221; _builder_version=&#8221;3.18.7&#8243; header_level=&#8221;h1&#8243; header_font=&#8221;Asap Condensed|700|||||||&#8221; header_text_align=&#8221;left&#8221; header_font_size=&#8221;65px&#8221; header_line_height=&#8221;1.4em&#8221; body_font=&#8221;Muli|600|||||||&#8221; body_text_align=&#8221;left&#8221; body_font_size=&#8221;18px&#8221; body_line_height=&#8221;1.8em&#8221; use_background_color=&#8221;off&#8221; custom_button=&#8221;on&#8221; button_text_size=&#8221;16px&#8221; button_text_color=&#8221;#ffffff&#8221; button_bg_color=&#8221;#ffffff&#8221; button_border_width=&#8221;10px&#8221; button_border_color=&#8221;#ffffff&#8221; button_border_radius=&#8221;0px&#8221; button_font=&#8221;Muli|700|||||||&#8221; button_use_icon=&#8221;off&#8221; background_layout=&#8221;light&#8221; custom_margin=&#8221;7vw||3vw|&#8221; custom_margin_tablet=&#8221;3vw||3vw|&#8221; custom_margin_phone=&#8221;||-16vw|&#8221; custom_margin_last_edited=&#8221;on|desktop&#8221; animation_style=&#8221;fade&#8221; header_font_size_phone=&#8221;50px&#8221; header_font_size_last_edited=&#8221;on|phone&#8221; button_border_radius_hover=&#8221;0px&#8221; button_text_size__hover_enabled=&#8221;off&#8221; button_one_text_size__hover_enabled=&#8221;off&#8221; button_two_text_size__hover_enabled=&#8221;off&#8221; button_text_color__hover_enabled=&#8221;off&#8221; button_one_text_color__hover_enabled=&#8221;off&#8221; button_two_text_color__hover_enabled=&#8221;off&#8221; button_border_width__hover_enabled=&#8221;off&#8221; button_one_border_width__hover_enabled=&#8221;off&#8221; button_two_border_width__hover_enabled=&#8221;off&#8221; button_border_color__hover_enabled=&#8221;off&#8221; button_one_border_color__hover_enabled=&#8221;off&#8221; button_two_border_color__hover_enabled=&#8221;off&#8221; button_border_radius__hover_enabled=&#8221;on&#8221; button_border_radius__hover=&#8221;0px&#8221; button_one_border_radius__hover_enabled=&#8221;off&#8221; button_two_border_radius__hover_enabled=&#8221;off&#8221; button_letter_spacing__hover_enabled=&#8221;off&#8221; button_one_letter_spacing__hover_enabled=&#8221;off&#8221; button_two_letter_spacing__hover_enabled=&#8221;off&#8221; button_bg_color__hover_enabled=&#8221;off&#8221; button_one_bg_color__hover_enabled=&#8221;off&#8221; button_two_bg_color__hover_enabled=&#8221;off&#8221; _i=&#8221;0&#8243; _address=&#8221;0.0.0.0&#8243;]<\/p>\n<p>H\u00fasanes var stofna\u00f0 \u00e1ri\u00f0 1980 og hefur fr\u00e1 upphafi s\u00e9rh\u00e6ft sig \u00ed byggingu \u00edb\u00fa\u00f0arh\u00fasn\u00e6\u00f0is og byggt um 1.500 \u00edb\u00fa\u00f0ir fr\u00e1 stofnun f\u00e9lagsins. Jafnframt hefur f\u00e9lagi\u00f0 sinnt \u00fdmsum \u00f6\u00f0rum byggingarframkv\u00e6mdum fyrir b\u00e6\u00f0i einkaa\u00f0ila sem og opinberar stofnanir.<\/p>\n<p>H\u00fasanes starfar samkv\u00e6mt l\u00f6ggildu g\u00e6\u00f0akerfi og starfsleyfi Mannvirkjastofnunar \u00cdslands.<\/p>\n<p>[\/et_pb_cta][\/et_pb_column][et_pb_column type=&#8221;1_2&#8243; _builder_version=&#8221;3.25&#8243; custom_padding=&#8221;|||&#8221; _i=&#8221;1&#8243; _address=&#8221;0.0.1&#8243; custom_padding__hover=&#8221;|||&#8221;][et_pb_image src=&#8221;http:\/\/www.husanes.is\/wp-content\/uploads\/2019\/02\/leirdal.jpg&#8221; align_tablet=&#8221;center&#8221; align_last_edited=&#8221;on|desktop&#8221; admin_label=&#8221;Header Image&#8221; _builder_version=&#8221;3.23&#8243; _i=&#8221;0&#8243; _address=&#8221;0.0.1.0&#8243;][\/et_pb_image][\/et_pb_column][\/et_pb_row][\/et_pb_section][et_pb_section fb_built=&#8221;1&#8243; admin_label=&#8221;CTA Section&#8221; _builder_version=&#8221;3.22&#8243; background_color=&#8221;#e9f0f6&#8243; custom_padding=&#8221;50px||0||false|false&#8221; fb_built=&#8221;1&#8243; _i=&#8221;1&#8243; _address=&#8221;1&#8243;][et_pb_row use_custom_gutter=&#8221;on&#8221; admin_label=&#8221;CTA Row&#8221; _builder_version=&#8221;3.25&#8243; custom_margin=&#8221;|||&#8221; custom_padding=&#8221;0|0px|50px|0px|false|false&#8221; _i=&#8221;0&#8243; _address=&#8221;1.0&#8243; column_structure=&#8221;1_2,1_2&#8243;][et_pb_column type=&#8221;1_2&#8243; _builder_version=&#8221;3.25&#8243; custom_padding=&#8221;|||&#8221; _i=&#8221;0&#8243; _address=&#8221;1.0.0&#8243; custom_padding__hover=&#8221;|||&#8221;][et_pb_image src=&#8221;http:\/\/www.husanes.is\/wp-content\/uploads\/2018\/12\/leirdalur-pallur-1.jpg&#8221; align_tablet=&#8221;center&#8221; align_last_edited=&#8221;on|desktop&#8221; _builder_version=&#8221;3.23&#8243; _i=&#8221;0&#8243; _address=&#8221;1.0.0.0&#8243;][\/et_pb_image][\/et_pb_column][et_pb_column type=&#8221;1_2&#8243; _builder_version=&#8221;3.25&#8243; custom_padding=&#8221;|||&#8221; _i=&#8221;1&#8243; _address=&#8221;1.0.1&#8243; custom_padding__hover=&#8221;|||&#8221;][et_pb_text admin_label=&#8221;Title&#8221; _builder_version=&#8221;3.27.4&#8243; text_font=&#8221;Muli|600|||||||&#8221; text_font_size=&#8221;18px&#8221; text_line_height=&#8221;1.8em&#8221; header_font=&#8221;||||||||&#8221; header_2_font=&#8221;Muli|700|||||||&#8221; header_2_font_size=&#8221;65px&#8221; header_2_line_height=&#8221;1.4em&#8221; max_width_last_edited=&#8221;off|desktop&#8221; custom_margin=&#8221;200px|||0px&#8221; custom_margin_tablet=&#8221;0px|||0px&#8221; custom_margin_phone=&#8221;||-25px&#8221; custom_margin_last_edited=&#8221;on|desktop&#8221; custom_padding=&#8221;|||&#8221; custom_padding_last_edited=&#8221;off|desktop&#8221; header_2_font_size_tablet=&#8221;50px&#8221; header_2_font_size_phone=&#8221;50px&#8221; header_2_font_size_last_edited=&#8221;on|tablet&#8221; inline_fonts=&#8221;Asap Condensed&#8221; _i=&#8221;0&#8243; _address=&#8221;1.0.1.0&#8243;]<\/p>\n<h2><strong><span style=\"font-family: 'Asap Condensed';\">Leirdalur 23-27<\/span><\/strong><\/h2>\n<p>[\/et_pb_text][et_pb_text admin_label=&#8221;Paragraph&#8221; _builder_version=&#8221;3.27.4&#8243; text_font=&#8221;Muli|600|||||||&#8221; text_font_size=&#8221;18px&#8221; text_line_height=&#8221;1.8em&#8221; header_font=&#8221;||||||||&#8221; header_2_font=&#8221;Muli|700|||||||&#8221; header_2_font_size=&#8221;50px&#8221; header_2_line_height=&#8221;1.4em&#8221; max_width_last_edited=&#8221;off|desktop&#8221; module_alignment=&#8221;right&#8221; custom_margin=&#8221;|||&#8221; custom_padding=&#8221;|||&#8221; custom_padding_tablet=&#8221;30px|0px|30px|0px&#8221; custom_padding_last_edited=&#8221;on|tablet&#8221; _i=&#8221;1&#8243; _address=&#8221;1.0.1.1&#8243;]<\/p>\n<p>St\u00f3rgl\u00e6sileg tv\u00edb\u00fdlish\u00fas a\u00f0 Leirdal 29-37 \u00ed hjarta Dalshverfis \u00ed Reykjanesb\u00e6.<\/p>\n<p>Fullb\u00fanar l\u00faxuseignir me\u00f0 \u00f6llum g\u00f3lfefnum &#8211; H\u00e6gt a\u00f0 f\u00e1 pott me\u00f0 \u00f6llum eignum.<\/p>\n<p>[\/et_pb_text][et_pb_button button_url=&#8221;http:\/\/www.husanes.is\/?page_id=179&#8243; button_text=&#8221;Sj\u00e1 n\u00e1nar&#8221; _builder_version=&#8221;3.18.7&#8243; custom_button=&#8221;on&#8221; button_text_size=&#8221;16px&#8221; button_text_color=&#8221;#ffffff&#8221; button_bg_color=&#8221;#f4583f&#8221; button_border_width=&#8221;10px&#8221; button_border_color=&#8221;#f4583f&#8221; button_border_radius=&#8221;0px&#8221; button_font=&#8221;Muli|700|||||||&#8221; button_use_icon=&#8221;off&#8221; custom_margin=&#8221;|||&#8221; custom_margin_tablet=&#8221;30px|||0px&#8221; custom_margin_last_edited=&#8221;on|phone&#8221; custom_padding=&#8221;|||&#8221; button_border_radius_hover=&#8221;0px&#8221; button_text_size__hover_enabled=&#8221;off&#8221; button_one_text_size__hover_enabled=&#8221;off&#8221; button_two_text_size__hover_enabled=&#8221;off&#8221; button_text_color__hover_enabled=&#8221;off&#8221; button_one_text_color__hover_enabled=&#8221;off&#8221; button_two_text_color__hover_enabled=&#8221;off&#8221; button_border_width__hover_enabled=&#8221;off&#8221; button_one_border_width__hover_enabled=&#8221;off&#8221; button_two_border_width__hover_enabled=&#8221;off&#8221; button_border_color__hover_enabled=&#8221;off&#8221; button_one_border_color__hover_enabled=&#8221;off&#8221; button_two_border_color__hover_enabled=&#8221;off&#8221; button_border_radius__hover_enabled=&#8221;on&#8221; button_border_radius__hover=&#8221;0px&#8221; button_one_border_radius__hover_enabled=&#8221;off&#8221; button_two_border_radius__hover_enabled=&#8221;off&#8221; button_letter_spacing__hover_enabled=&#8221;off&#8221; button_one_letter_spacing__hover_enabled=&#8221;off&#8221; button_two_letter_spacing__hover_enabled=&#8221;off&#8221; button_bg_color__hover_enabled=&#8221;off&#8221; button_one_bg_color__hover_enabled=&#8221;off&#8221; button_two_bg_color__hover_enabled=&#8221;off&#8221; _i=&#8221;2&#8243; _address=&#8221;1.0.1.2&#8243;][\/et_pb_button][\/et_pb_column][\/et_pb_row][\/et_pb_section][et_pb_section fb_built=&#8221;1&#8243; admin_label=&#8221;Intro Section&#8221; _builder_version=&#8221;3.0.92&#8243; custom_padding=&#8221;3px|0px|50px|0px|false|false&#8221; global_module=&#8221;136&#8243; fb_built=&#8221;1&#8243; _i=&#8221;2&#8243; _address=&#8221;2&#8243;][et_pb_row admin_label=&#8221;Intro Row&#8221; _builder_version=&#8221;3.25&#8243; custom_padding=&#8221;46px|0px|0|0px|false|false&#8221; _i=&#8221;0&#8243; _address=&#8221;2.0&#8243;][et_pb_column type=&#8221;4_4&#8243; _builder_version=&#8221;3.25&#8243; custom_padding=&#8221;|||&#8221; _i=&#8221;0&#8243; _address=&#8221;2.0.0&#8243; custom_padding__hover=&#8221;|||&#8221;][et_pb_text admin_label=&#8221;Title &#038; Paragraph&#8221; _builder_version=&#8221;3.27.4&#8243; text_font=&#8221;Asap Condensed|600|||||||&#8221; text_font_size=&#8221;18px&#8221; text_line_height=&#8221;1.8em&#8221; header_font=&#8221;Asap Condensed||||||||&#8221; header_2_font=&#8221;Muli|700|||||||&#8221; header_2_text_align=&#8221;center&#8221; header_2_font_size=&#8221;50px&#8221; header_2_line_height=&#8221;1.4em&#8221; text_orientation=&#8221;center&#8221; max_width=&#8221;800px&#8221; max_width_last_edited=&#8221;off|desktop&#8221; module_alignment=&#8221;center&#8221; custom_margin=&#8221;|||&#8221; custom_padding=&#8221;|||&#8221; custom_padding_last_edited=&#8221;off|desktop&#8221; header_2_font_size_phone=&#8221;40px&#8221; header_2_font_size_last_edited=&#8221;on|phone&#8221; inline_fonts=&#8221;Asap Condensed&#8221; _i=&#8221;0&#8243; _address=&#8221;2.0.0.0&#8243;]<\/p>\n<h2><span style=\"font-family: 'Asap Condensed';\"><strong>H\u00fasanes hefur \u00e1ratuga reynslu og v\u00ed\u00f0t\u00e6ka \u00feekkingu \u00e1 allri mannvirkjager\u00f0 sem og h\u00f6nnun.<\/strong><\/span><\/h2>\n<p>[\/et_pb_text][\/et_pb_column][\/et_pb_row][\/et_pb_section]<\/p>\n","protected":false},"excerpt":{"rendered":"<p>H\u00fasanes var stofna\u00f0 \u00e1ri\u00f0 1980 og hefur fr\u00e1 upphafi s\u00e9rh\u00e6ft sig \u00ed byggingu \u00edb\u00fa\u00f0arh\u00fasn\u00e6\u00f0is og byggt um 1.500 \u00edb\u00fa\u00f0ir fr\u00e1 stofnun f\u00e9lagsins. Jafnframt hefur f\u00e9lagi\u00f0 sinnt \u00fdmsum \u00f6\u00f0rum byggingarframkv\u00e6mdum fyrir b\u00e6\u00f0i einkaa\u00f0ila sem og opinberar stofnanir. H\u00fasanes starfar samkv\u00e6mt l\u00f6ggildu g\u00e6\u00f0akerfi og starfsleyfi Mannvirkjastofnunar \u00cdslands.Leirdalur 23-27St\u00f3rgl\u00e6sileg tv\u00edb\u00fdlish\u00fas a\u00f0 Leirdal 29-37 \u00ed hjarta Dalshverfis \u00ed Reykjanesb\u00e6. [&hellip;]<\/p>\n","protected":false},"author":1,"featured_media":0,"parent":0,"menu_order":0,"comment_status":"closed","ping_status":"closed","template":"","meta":{"_et_pb_use_builder":"on","_et_pb_old_content":"","_et_gb_content_width":"","footnotes":""},"class_list":["post-5","page","type-page","status-publish","hentry"],"_links":{"self":[{"href":"http:\/\/www.husanes.is\/index.php\/wp-json\/wp\/v2\/pages\/5","targetHints":{"allow":["GET"]}}],"collection":[{"href":"http:\/\/www.husanes.is\/index.php\/wp-json\/wp\/v2\/pages"}],"about":[{"href":"http:\/\/www.husanes.is\/index.php\/wp-json\/wp\/v2\/types\/page"}],"author":[{"embeddable":true,"href":"http:\/\/www.husanes.is\/index.php\/wp-json\/wp\/v2\/users\/1"}],"replies":[{"embeddable":true,"href":"http:\/\/www.husanes.is\/index.php\/wp-json\/wp\/v2\/comments?post=5"}],"version-history":[{"count":37,"href":"http:\/\/www.husanes.is\/index.php\/wp-json\/wp\/v2\/pages\/5\/revisions"}],"predecessor-version":[{"id":408,"href":"http:\/\/www.husanes.is\/index.php\/wp-json\/wp\/v2\/pages\/5\/revisions\/408"}],"wp:attachment":[{"href":"http:\/\/www.husanes.is\/index.php\/wp-json\/wp\/v2\/media?parent=5"}],"curies":[{"name":"wp","href":"https:\/\/api.w.org\/{rel}","templated":true}]}}